{"id":29183,"date":"2025-06-11T08:17:38","date_gmt":"2025-06-11T08:17:38","guid":{"rendered":"https:\/\/oemminer.com\/?post_type=product&#038;p=29183"},"modified":"2025-07-02T01:58:02","modified_gmt":"2025-07-02T01:58:02","slug":"ipollo-g1-mini-grin-coin-miner-1-2g","status":"publish","type":"product","link":"https:\/\/oemminer.com\/de\/produkt\/ipollo-g1-mini-grin-coin-miner-1-2g\/","title":{"rendered":"iPollo G1 Mini \u2013 Kompakter Grin Miner | 1,2G\/s Hashrate, 120W Leistung"},"content":{"rendered":"<h2 data-start=\"270\" data-end=\"295\"><strong data-start=\"273\" data-end=\"293\">Produkt\u00fcbersicht<\/strong><\/h2>\n<p data-start=\"296\" data-end=\"666\">Der iPollo G1 Mini ist ein kompakter, energieeffizienter ASIC-Miner, der speziell f\u00fcr Grin (GRIN)-Mining mit dem Cuckatoo32-Algorithmus entwickelt wurde. Mit einer Hashrate von 1,2 G\/s und einer Leistungsaufnahme von nur 120 W eignet sich dieser Miner ideal f\u00fcr kleine und private Mining-Aktivit\u00e4ten. Sein ger\u00e4uschloser Betrieb (40 dB) und sein geringes Gewicht (2,5 kg) machen ihn zu einer praktischen Wahl f\u00fcr private Anlagen.<img fetchpriority=\"high\" decoding=\"async\" class=\"alignright\" src=\"https:\/\/oemminer.com\/wp-content\/uploads\/2025\/04\/ipollo-G1-mini-300x300.webp\" alt=\"iPollo G1 Mini\" width=\"300\" height=\"300\" title=\"\"><\/p>\n<hr data-start=\"1483\" data-end=\"1486\" \/>\n<h2 data-start=\"1488\" data-end=\"1516\"><strong data-start=\"1491\" data-end=\"1514\">Leistungsmetriken<\/strong><\/h2>\n<div class=\"_tableContainer_16hzy_1\">\n<div class=\"_tableWrapper_16hzy_14 group flex w-fit flex-col-reverse\" tabindex=\"-1\">\n<table class=\"w-fit min-w-(--thread-content-width)\" data-start=\"1518\" data-end=\"1877\">\n<thead data-start=\"1518\" data-end=\"1577\">\n<tr data-start=\"1518\" data-end=\"1577\">\n<th data-start=\"1518\" data-end=\"1541\" data-col-size=\"sm\"><strong data-start=\"1520\" data-end=\"1530\">Metrisch<\/strong><\/th>\n<th data-start=\"1541\" data-end=\"1577\" data-col-size=\"sm\"><strong data-start=\"1543\" data-end=\"1552\">Wert<\/strong><\/th>\n<\/tr>\n<\/thead>\n<tbody data-start=\"1638\" data-end=\"1877\">\n<tr data-start=\"1638\" data-end=\"1697\">\n<td data-start=\"1638\" data-end=\"1661\" data-col-size=\"sm\"><strong data-start=\"1640\" data-end=\"1657\">GRIN Hashrate<\/strong><\/td>\n<td data-col-size=\"sm\" data-start=\"1661\" data-end=\"1697\">1,2 G\/s \u00b110%<\/td>\n<\/tr>\n<tr data-start=\"1698\" data-end=\"1757\">\n<td data-start=\"1698\" data-end=\"1721\" data-col-size=\"sm\"><strong data-start=\"1700\" data-end=\"1720\">Energieeffizienz<\/strong><\/td>\n<td data-col-size=\"sm\" data-start=\"1721\" data-end=\"1757\">100 J\/G<\/td>\n<\/tr>\n<tr data-start=\"1758\" data-end=\"1817\">\n<td data-start=\"1758\" data-end=\"1781\" data-col-size=\"sm\"><strong data-start=\"1760\" data-end=\"1776\">T\u00e4glicher Gewinn<\/strong>*<\/td>\n<td data-col-size=\"sm\" data-start=\"1781\" data-end=\"1817\">~$0,20 (bei $0,10\/kWh)<\/td>\n<\/tr>\n<tr data-start=\"1818\" data-end=\"1877\">\n<td data-start=\"1818\" data-end=\"1841\" data-col-size=\"sm\"><strong data-start=\"1820\" data-end=\"1838\">Monatlicher Gewinn<\/strong>*<\/td>\n<td data-col-size=\"sm\" data-start=\"1841\" data-end=\"1877\">~$6.00<\/td>\n<\/tr>\n<\/tbody>\n<\/table>\n<div class=\"sticky end-(--thread-content-margin) h-0 self-end select-none\">\n<div class=\"absolute end-0 flex items-end\"><\/div>\n<\/div>\n<\/div>\n<\/div>\n<p data-start=\"1879\" data-end=\"1940\"><em data-start=\"1879\" data-end=\"1938\">*Basierend auf der aktuellen Netzwerkschwierigkeit (\u00c4nderungen vorbehalten).<\/em><\/p>\n<hr data-start=\"1942\" data-end=\"1945\" \/>\n<h2 data-start=\"1947\" data-end=\"1974\"><strong data-start=\"1950\" data-end=\"1972\">ROI und Anwendungen<\/strong><\/h2>\n<div class=\"_tableContainer_16hzy_1\">\n<div class=\"_tableWrapper_16hzy_14 group flex w-fit flex-col-reverse\" tabindex=\"-1\">\n<table class=\"w-fit min-w-(--thread-content-width)\" data-start=\"1976\" data-end=\"2371\">\n<thead data-start=\"1976\" data-end=\"2075\">\n<tr data-start=\"1976\" data-end=\"2075\">\n<th data-start=\"1976\" data-end=\"1999\" data-col-size=\"sm\"><strong data-start=\"1978\" data-end=\"1990\">Szenario<\/strong><\/th>\n<th data-start=\"1999\" data-end=\"2025\" data-col-size=\"sm\"><strong data-start=\"2001\" data-end=\"2024\">T\u00e4glicher Gewinn (gesch\u00e4tzt)<\/strong><\/th>\n<th data-start=\"2025\" data-end=\"2048\" data-col-size=\"sm\"><strong data-start=\"2027\" data-end=\"2047\">Stromkosten<\/strong><\/th>\n<th data-start=\"2048\" data-end=\"2075\" data-col-size=\"sm\"><strong data-start=\"2050\" data-end=\"2071\">Nettogewinn (gesch\u00e4tzt)<\/strong><\/th>\n<\/tr>\n<\/thead>\n<tbody data-start=\"2175\" data-end=\"2371\">\n<tr data-start=\"2175\" data-end=\"2273\">\n<td data-start=\"2175\" data-end=\"2198\" data-col-size=\"sm\"><strong data-start=\"2177\" data-end=\"2192\">Heimbergbau<\/strong><\/td>\n<td data-col-size=\"sm\" data-start=\"2198\" data-end=\"2223\">~$0.20<\/td>\n<td data-col-size=\"sm\" data-start=\"2223\" data-end=\"2246\">~$0.29<\/td>\n<td data-col-size=\"sm\" data-start=\"2246\" data-end=\"2273\">~$-0.09<\/td>\n<\/tr>\n<tr data-start=\"2274\" data-end=\"2371\">\n<td data-start=\"2274\" data-end=\"2302\" data-col-size=\"sm\"><strong data-start=\"2276\" data-end=\"2301\">Kleiner Bauernhof (5+ Einheiten)<\/strong><\/td>\n<td data-col-size=\"sm\" data-start=\"2302\" data-end=\"2321\">Skalierbar<\/td>\n<td data-col-size=\"sm\" data-start=\"2321\" data-end=\"2344\">Mengenrabatte<\/td>\n<td data-col-size=\"sm\" data-start=\"2344\" data-end=\"2371\">Verbesserter ROI<\/td>\n<\/tr>\n<\/tbody>\n<\/table>\n<div class=\"sticky end-(--thread-content-margin) h-0 self-end select-none\">\n<div class=\"absolute end-0 flex items-end\"><\/div>\n<\/div>\n<\/div>\n<\/div>\n<p data-start=\"2373\" data-end=\"2457\"><em data-start=\"2373\" data-end=\"2455\">Hinweis: Die Rentabilit\u00e4t variiert je nach Strompreis und GRIN-Marktpreis.<\/em><\/p>\n<hr data-start=\"2459\" data-end=\"2462\" \/>\n<h2 data-start=\"2464\" data-end=\"2488\"><strong data-start=\"2467\" data-end=\"2486\">Wichtige Hinweise<\/strong><\/h2>\n<ul data-start=\"2489\" data-end=\"2828\">\n<li data-start=\"2489\" data-end=\"2591\">\n<p data-start=\"2491\" data-end=\"2591\"><strong data-start=\"2491\" data-end=\"2508\">Stromversorgung:<\/strong> Erfordert eine stabile 120-W-Stromquelle (bei Schwankungen wird ein 180-W-Adapter empfohlen).<\/p>\n<\/li>\n<li data-start=\"2592\" data-end=\"2657\">\n<p data-start=\"2594\" data-end=\"2657\"><strong data-start=\"2594\" data-end=\"2606\">K\u00fchlung:<\/strong> Sorgen Sie f\u00fcr eine ausreichende Luftzirkulation f\u00fcr eine anhaltende Leistung.<\/p>\n<\/li>\n<li data-start=\"2658\" data-end=\"2740\">\n<p data-start=\"2660\" data-end=\"2740\"><strong data-start=\"2660\" data-end=\"2676\">Ger\u00e4uschpegel:<\/strong> Mit 40 dB ist es leise genug f\u00fcr den Heimgebrauch, aber immer noch wahrnehmbar.<\/p>\n<\/li>\n<li data-start=\"2741\" data-end=\"2828\">\n<p data-start=\"2743\" data-end=\"2828\"><strong data-start=\"2743\" data-end=\"2767\">Wirtschaftlichkeitspr\u00fcfung:<\/strong> \u00dcberpr\u00fcfen Sie vor dem Kauf immer die aktuellen Bergbaubedingungen.<\/p>\n<\/li>\n<\/ul>\n<hr data-start=\"2830\" data-end=\"2833\" \/>\n<h2 data-start=\"2835\" data-end=\"2874\"><strong data-start=\"2838\" data-end=\"2872\">Warum sollten Sie sich f\u00fcr den iPollo G1 Mini entscheiden?<\/strong><\/h2>\n<p data-start=\"2875\" data-end=\"3207\">Der iPollo G1 Mini ist ein hervorragender ASIC-Miner f\u00fcr Grin-Enthusiasten. Seine Rentabilit\u00e4t ist zwar bescheiden, aber sein geringer Stromverbrauch und sein kompaktes Design machen ihn ideal f\u00fcr Hobby- und Kleinbergleute. Wenn Sie nach einer kosteng\u00fcnstigen M\u00f6glichkeit suchen, GRIN ohne hohe Stromkosten zu minen, ist der G1 Mini eine gute Wahl.<\/p>","protected":false},"excerpt":{"rendered":"<p>Product Overview The iPollo G1 Mini is a compact, energy-efficient ASIC miner designed specifically for Grin (GRIN) mining using the<\/p>","protected":false},"featured_media":29194,"comment_status":"open","ping_status":"closed","template":"","meta":[],"product_brand":[126],"product_cat":[455,326],"product_tag":[110,459,458,457,460,109,456],"class_list":{"0":"post-29183","1":"product","2":"type-product","3":"status-publish","4":"has-post-thumbnail","6":"product_brand-ipollo","7":"product_cat-cuckatoo32","8":"product_cat-grin-coin-miner","9":"product_tag-all-miners","10":"product_tag-asicmining","11":"product_tag-cuckatoo32","12":"product_tag-grinminer","13":"product_tag-homemining","14":"product_tag-mwc","15":"product_tag-pollog1mini","17":"first","18":"instock","19":"shipping-taxable","20":"purchasable","21":"product-type-variable"},"_links":{"self":[{"href":"https:\/\/oemminer.com\/de\/wp-json\/wp\/v2\/product\/29183","targetHints":{"allow":["GET"]}}],"collection":[{"href":"https:\/\/oemminer.com\/de\/wp-json\/wp\/v2\/product"}],"about":[{"href":"https:\/\/oemminer.com\/de\/wp-json\/wp\/v2\/types\/product"}],"replies":[{"embeddable":true,"href":"https:\/\/oemminer.com\/de\/wp-json\/wp\/v2\/comments?post=29183"}],"version-history":[{"count":0,"href":"https:\/\/oemminer.com\/de\/wp-json\/wp\/v2\/product\/29183\/revisions"}],"wp:featuredmedia":[{"embeddable":true,"href":"https:\/\/oemminer.com\/de\/wp-json\/wp\/v2\/media\/29194"}],"wp:attachment":[{"href":"https:\/\/oemminer.com\/de\/wp-json\/wp\/v2\/media?parent=29183"}],"wp:term":[{"taxonomy":"product_brand","embeddable":true,"href":"https:\/\/oemminer.com\/de\/wp-json\/wp\/v2\/product_brand?post=29183"},{"taxonomy":"product_cat","embeddable":true,"href":"https:\/\/oemminer.com\/de\/wp-json\/wp\/v2\/product_cat?post=29183"},{"taxonomy":"product_tag","embeddable":true,"href":"https:\/\/oemminer.com\/de\/wp-json\/wp\/v2\/product_tag?post=29183"}],"curies":[{"name":"wp","href":"https:\/\/api.w.org\/{rel}","templated":true}]}}