{"id":30057,"date":"2025-05-27T14:33:31","date_gmt":"2025-05-27T14:33:31","guid":{"rendered":"https:\/\/oemminer.com\/?post_type=product&#038;p=30057"},"modified":"2025-07-01T08:00:12","modified_gmt":"2025-07-01T08:00:12","slug":"elphapex-dg1-miner","status":"publish","type":"product","link":"https:\/\/oemminer.com\/de\/produkt\/elphapex-dg1-miner\/","title":{"rendered":"ElphaPex DG1 Scrypt Miner | 11 GH\/s f\u00fcr DOGE &amp; LTC | 3420W Effizienz"},"content":{"rendered":"<p><strong><img fetchpriority=\"high\" decoding=\"async\" class=\"alignnone wp-image-30060 size-full\" src=\"https:\/\/oemminer.com\/wp-content\/themes\/woodmart\/images\/lazy.svg\" data-src=\"https:\/\/oemminer.com\/wp-content\/uploads\/2025\/05\/b906ae4f-5496-4f37-a94c-0596f7a4a3881-1-scaled.jpg\" alt=\"ElphaPex DG1\" width=\"2560\" height=\"1079\" title=\"\" srcset=\"\" data-srcset=\"https:\/\/oemminer.com\/wp-content\/uploads\/2025\/05\/b906ae4f-5496-4f37-a94c-0596f7a4a3881-1-scaled.jpg 2560w, https:\/\/oemminer.com\/wp-content\/uploads\/2025\/05\/b906ae4f-5496-4f37-a94c-0596f7a4a3881-1-400x169.jpg 400w, https:\/\/oemminer.com\/wp-content\/uploads\/2025\/05\/b906ae4f-5496-4f37-a94c-0596f7a4a3881-1-1300x548.jpg 1300w, https:\/\/oemminer.com\/wp-content\/uploads\/2025\/05\/b906ae4f-5496-4f37-a94c-0596f7a4a3881-1-768x324.jpg 768w, https:\/\/oemminer.com\/wp-content\/uploads\/2025\/05\/b906ae4f-5496-4f37-a94c-0596f7a4a3881-1-1536x647.jpg 1536w, https:\/\/oemminer.com\/wp-content\/uploads\/2025\/05\/b906ae4f-5496-4f37-a94c-0596f7a4a3881-1-2048x863.jpg 2048w, https:\/\/oemminer.com\/wp-content\/uploads\/2025\/05\/b906ae4f-5496-4f37-a94c-0596f7a4a3881-1-600x253.jpg 600w, https:\/\/oemminer.com\/wp-content\/uploads\/2025\/05\/b906ae4f-5496-4f37-a94c-0596f7a4a3881-1-430x181.jpg 430w, https:\/\/oemminer.com\/wp-content\/uploads\/2025\/05\/b906ae4f-5496-4f37-a94c-0596f7a4a3881-1-700x295.jpg 700w, https:\/\/oemminer.com\/wp-content\/uploads\/2025\/05\/b906ae4f-5496-4f37-a94c-0596f7a4a3881-1-150x63.jpg 150w\" sizes=\"(max-width: 2560px) 100vw, 2560px\" \/><\/strong><\/p>\n<h3 data-start=\"288\" data-end=\"314\"><strong data-start=\"292\" data-end=\"312\">Produkt\u00fcbersicht<\/strong><\/h3>\n<p data-start=\"315\" data-end=\"603\">Der <strong data-start=\"319\" data-end=\"335\">ElphaPex DG1<\/strong> ist ein Hochleistungs <strong data-start=\"358\" data-end=\"379\">Scrypt ASIC-Miner<\/strong> optimiert f\u00fcr <strong data-start=\"394\" data-end=\"445\">Dogecoin (DOGE), Litecoin (LTC) und BEL-Mining<\/strong>Entwickelt f\u00fcr <strong data-start=\"462\" data-end=\"480\">24\/7-Betrieb<\/strong>kombiniert es <strong data-start=\"494\" data-end=\"514\">11 GH\/s Hashrate<\/strong> mit <strong data-start=\"520\" data-end=\"548\">K\u00fchlung in Industriequalit\u00e4t<\/strong> (vier Hochgeschwindigkeitsl\u00fcfter) und <strong data-start=\"576\" data-end=\"600\">0,31 J\/MH Effizienz<\/strong>.<\/p>\n<p data-start=\"315\" data-end=\"603\"><strong style=\"color: #1b1919; font-size: 22px;\" data-start=\"1762\" data-end=\"1785\">Leistungsmetriken<\/strong><\/p>\n<div class=\"_tableContainer_16hzy_1\">\n<div class=\"_tableWrapper_16hzy_14 group flex w-fit flex-col-reverse\" tabindex=\"-1\">\n<div class=\"_tableContainer_16hzy_1\">\n<div class=\"_tableWrapper_16hzy_14 group flex w-fit flex-col-reverse\" tabindex=\"-1\">\n<table class=\"w-fit min-w-(--thread-content-width)\" data-start=\"1789\" data-end=\"2147\">\n<thead data-start=\"1789\" data-end=\"1840\">\n<tr data-start=\"1789\" data-end=\"1840\">\n<th data-start=\"1789\" data-end=\"1811\" data-col-size=\"sm\"><strong data-start=\"1791\" data-end=\"1801\">Metrisch<\/strong><\/th>\n<th data-start=\"1811\" data-end=\"1840\" data-col-size=\"sm\"><strong data-start=\"1813\" data-end=\"1822\">Wert<\/strong><\/th>\n<\/tr>\n<\/thead>\n<tbody data-start=\"1893\" data-end=\"2147\">\n<tr data-start=\"1893\" data-end=\"1943\">\n<td data-start=\"1893\" data-end=\"1915\" data-col-size=\"sm\"><strong data-start=\"1895\" data-end=\"1914\">Betriebstemperatur.<\/strong><\/td>\n<td data-col-size=\"sm\" data-start=\"1915\" data-end=\"1943\">5\u00b0C \u2013 45\u00b0C<\/td>\n<\/tr>\n<tr data-start=\"1944\" data-end=\"1994\">\n<td data-start=\"1944\" data-end=\"1966\" data-col-size=\"sm\"><strong data-start=\"1946\" data-end=\"1963\">T\u00e4glicher Umsatz<\/strong>*<\/td>\n<td data-col-size=\"sm\" data-start=\"1966\" data-end=\"1994\">$12.56 (DOGE)<\/td>\n<\/tr>\n<tr data-start=\"1995\" data-end=\"2045\">\n<td data-start=\"1995\" data-end=\"2017\" data-col-size=\"sm\"><strong data-start=\"1997\" data-end=\"2013\">T\u00e4glicher Gewinn<\/strong>*<\/td>\n<td data-start=\"2017\" data-end=\"2045\" data-col-size=\"sm\">$6,24 (@ $0,10\/kWh)<\/td>\n<\/tr>\n<tr data-start=\"2046\" data-end=\"2096\">\n<td data-start=\"2046\" data-end=\"2068\" data-col-size=\"sm\"><strong data-start=\"2048\" data-end=\"2062\">ROI-Zeitraum<\/strong><\/td>\n<td data-col-size=\"sm\" data-start=\"2068\" data-end=\"2096\">28,7 Monate<\/td>\n<\/tr>\n<tr data-start=\"2097\" data-end=\"2147\">\n<td data-start=\"2097\" data-end=\"2119\" data-col-size=\"sm\"><strong data-start=\"2099\" data-end=\"2111\">Lebensdauer<\/strong><\/td>\n<td data-col-size=\"sm\" data-start=\"2119\" data-end=\"2147\">4+ Jahre (24\/7-Nutzung)<\/td>\n<\/tr>\n<\/tbody>\n<\/table>\n<h3 data-start=\"2260\" data-end=\"2288\"><strong data-start=\"2264\" data-end=\"2286\">ROI und Anwendungen<\/strong><\/h3>\n<div class=\"_tableContainer_16hzy_1\">\n<div class=\"_tableWrapper_16hzy_14 group flex w-fit flex-col-reverse\" tabindex=\"-1\">\n<table class=\"w-fit min-w-(--thread-content-width)\" data-start=\"2290\" data-end=\"2601\">\n<thead data-start=\"2290\" data-end=\"2344\">\n<tr data-start=\"2290\" data-end=\"2344\">\n<th data-start=\"2290\" data-end=\"2312\" data-col-size=\"sm\"><strong data-start=\"2292\" data-end=\"2304\">Anwendungsfall<\/strong><\/th>\n<th data-start=\"2312\" data-end=\"2344\" data-col-size=\"sm\"><strong data-start=\"2314\" data-end=\"2331\">Rentabilit\u00e4t<\/strong><\/th>\n<\/tr>\n<\/thead>\n<tbody data-start=\"2400\" data-end=\"2601\">\n<tr data-start=\"2400\" data-end=\"2454\">\n<td data-start=\"2400\" data-end=\"2422\" data-col-size=\"sm\"><strong data-start=\"2402\" data-end=\"2417\">Heimbergbau<\/strong><\/td>\n<td data-col-size=\"sm\" data-start=\"2422\" data-end=\"2454\">ROI von 18\u201324 Monaten*<\/td>\n<\/tr>\n<tr data-start=\"2455\" data-end=\"2509\">\n<td data-start=\"2455\" data-end=\"2477\" data-col-size=\"sm\"><strong data-start=\"2457\" data-end=\"2473\">Bergbaubetriebe<\/strong><\/td>\n<td data-col-size=\"sm\" data-start=\"2477\" data-end=\"2509\">Skalierbar f\u00fcr Massenvorg\u00e4nge<\/td>\n<\/tr>\n<tr data-start=\"2510\" data-end=\"2564\">\n<td data-start=\"2510\" data-end=\"2532\" data-col-size=\"sm\"><strong data-start=\"2512\" data-end=\"2528\">Cloud Mining<\/strong><\/td>\n<td data-col-size=\"sm\" data-start=\"2532\" data-end=\"2564\">Kompatibel mit Pools<\/td>\n<\/tr>\n<tr data-start=\"2565\" data-end=\"2601\">\n<td data-start=\"2565\" data-end=\"2601\" data-col-size=\"sm\">*Angenommen $0,10\/kWh Strom<\/td>\n<td data-col-size=\"sm\"><\/td>\n<\/tr>\n<\/tbody>\n<\/table>\n<div class=\"sticky end-(--thread-content-margin) h-0 self-end select-none\">\n<div class=\"absolute end-0 flex items-end\"><\/div>\n<\/div>\n<\/div>\n<\/div>\n<hr data-start=\"2603\" data-end=\"2608\" \/>\n<h3 data-start=\"2610\" data-end=\"2635\"><strong data-start=\"2614\" data-end=\"2633\">Wichtige Hinweise<\/strong><\/h3>\n<ul data-start=\"2636\" data-end=\"2847\">\n<li data-start=\"2636\" data-end=\"2690\">\n<p data-start=\"2638\" data-end=\"2690\"><strong data-start=\"2638\" data-end=\"2654\">Stromversorgung<\/strong>: Erfordert stabile <strong data-start=\"2672\" data-end=\"2687\">220\u2013240 V Wechselstrom<\/strong>.<\/p>\n<\/li>\n<li data-start=\"2691\" data-end=\"2740\">\n<p data-start=\"2693\" data-end=\"2740\"><strong data-start=\"2693\" data-end=\"2704\">K\u00fchlung<\/strong>: Sorgen Sie f\u00fcr einen Abstand von 1 m f\u00fcr die Luftzirkulation.<\/p>\n<\/li>\n<li data-start=\"2741\" data-end=\"2788\">\n<p data-start=\"2743\" data-end=\"2788\"><strong data-start=\"2743\" data-end=\"2758\">Wartung<\/strong>: L\u00fcfter alle 3 Monate reinigen.<\/p>\n<\/li>\n<li data-start=\"2789\" data-end=\"2847\">\n<p data-start=\"2791\" data-end=\"2847\"><strong data-start=\"2791\" data-end=\"2800\">L\u00e4rm<\/strong>: Nicht f\u00fcr Wohngebiete geeignet (75 dB).<\/p>\n<\/li>\n<\/ul>\n<hr data-start=\"2849\" data-end=\"2854\" \/>\n<h3 data-start=\"2856\" data-end=\"2887\"><strong data-start=\"2860\" data-end=\"2885\">Warum ElphaPex DG1 kaufen?<\/strong><\/h3>\n<p data-start=\"2888\" data-end=\"3146\">Der <strong data-start=\"2892\" data-end=\"2908\">ElphaPex DG1<\/strong> Angebote <strong data-start=\"2916\" data-end=\"2954\">erstklassige Scrypt-Mining-Leistung<\/strong> mit verifizierten <strong data-start=\"2969\" data-end=\"2989\">11 GH\/s Hashrate<\/strong> Und <strong data-start=\"2994\" data-end=\"3018\">0,31 J\/MH Effizienz<\/strong>. Es ist <strong data-start=\"3024\" data-end=\"3044\">Industriebau<\/strong> Und <strong data-start=\"3049\" data-end=\"3069\">Quad-Fan-K\u00fchlung<\/strong> Gew\u00e4hrleistung der Zuverl\u00e4ssigkeit f\u00fcr <strong data-start=\"3093\" data-end=\"3112\">DOGE\/LTC-Mining<\/strong>. <strong data-start=\"3114\" data-end=\"3144\">Begrenzter Vorrat \u2013 bestellen Sie noch heute!<\/strong><\/p>\n<\/div>\n<\/div>\n<\/div>\n<\/div>","protected":false},"excerpt":{"rendered":"<p>Product Overview The ElphaPex DG1 is a high-performance Scrypt ASIC miner optimized for Dogecoin (DOGE), Litecoin (LTC), and BEL mining.<\/p>","protected":false},"featured_media":30059,"comment_status":"open","ping_status":"closed","template":"","meta":[],"product_brand":[121],"product_cat":[327,453,156,403],"product_tag":[257,405,404,406],"class_list":{"0":"post-30057","1":"product","2":"type-product","3":"status-publish","4":"has-post-thumbnail","6":"product_brand-elphapex","7":"product_cat-asic-miner","8":"product_cat-bel-miners","9":"product_cat-dogecoin-miners","10":"product_cat-ltc","11":"product_tag-dg1","12":"product_tag-gouwang","13":"product_tag-ltc-miner","16":"first","17":"instock","18":"sale","19":"shipping-taxable","20":"purchasable","21":"product-type-variable"},"_links":{"self":[{"href":"https:\/\/oemminer.com\/de\/wp-json\/wp\/v2\/product\/30057","targetHints":{"allow":["GET"]}}],"collection":[{"href":"https:\/\/oemminer.com\/de\/wp-json\/wp\/v2\/product"}],"about":[{"href":"https:\/\/oemminer.com\/de\/wp-json\/wp\/v2\/types\/product"}],"replies":[{"embeddable":true,"href":"https:\/\/oemminer.com\/de\/wp-json\/wp\/v2\/comments?post=30057"}],"version-history":[{"count":0,"href":"https:\/\/oemminer.com\/de\/wp-json\/wp\/v2\/product\/30057\/revisions"}],"wp:featuredmedia":[{"embeddable":true,"href":"https:\/\/oemminer.com\/de\/wp-json\/wp\/v2\/media\/30059"}],"wp:attachment":[{"href":"https:\/\/oemminer.com\/de\/wp-json\/wp\/v2\/media?parent=30057"}],"wp:term":[{"taxonomy":"product_brand","embeddable":true,"href":"https:\/\/oemminer.com\/de\/wp-json\/wp\/v2\/product_brand?post=30057"},{"taxonomy":"product_cat","embeddable":true,"href":"https:\/\/oemminer.com\/de\/wp-json\/wp\/v2\/product_cat?post=30057"},{"taxonomy":"product_tag","embeddable":true,"href":"https:\/\/oemminer.com\/de\/wp-json\/wp\/v2\/product_tag?post=30057"}],"curies":[{"name":"wp","href":"https:\/\/api.w.org\/{rel}","templated":true}]}}